{"id":13,"date":"2016-08-05T10:20:28","date_gmt":"2016-08-05T10:20:28","guid":{"rendered":"http:\/\/localhost\/wordpress\/tesoto\/?page_id=13"},"modified":"2016-11-07T11:48:01","modified_gmt":"2016-11-07T11:48:01","slug":"3d","status":"publish","type":"page","link":"https:\/\/www.tesoto.es\/?page_id=13","title":{"rendered":"3D"},"content":{"rendered":"<p>Desarrollamos y utilizamos software con uso de tecnolog\u00edas 3D, tanto modelado y animaci\u00f3n de figuras, como construcci\u00f3n, representaci\u00f3n matem\u00e1tica y control din\u00e1mico de los mismos para proyectos de ingenier\u00eda y salud.<\/p>\n<p><a href=\"https:\/\/www.tesoto.es\/wp-content\/uploads\/2016\/08\/pdaleando29.gif\" target=\"_self\"><br \/>\n<img src=\"https:\/\/www.tesoto.es\/wp-content\/uploads\/2016\/08\/pdaleando29.gif\" alt=\"spining animacion\" \/><br \/>\n<\/a><br \/>\nAnimaci\u00f3n de spining<\/p>\n<h2>Animaci\u00f3n<\/h2>\n<p>Este es un ejemplo de animaci\u00f3n de una deportista practicando spinning.<\/p>\n<p>Para crearla\u00a0se ha despiezado, montado y texturizado el modelo est\u00e1tico de la bicicleta haciendo uso de software de modelado.\u00a0Posteriormente se ha realizado el vertebrado y animaci\u00f3n de la m\u00e1quina conjuntamente con la deportista con software\u00a0de animaci\u00f3n.<\/p>\n<p>El modelo animado ser\u00e1 utilizado en un proyecto software dedicado a la direcci\u00f3n virtual de clases de spinning.<\/p>\n<h2>Manejo 3D para la ingenier\u00eda<\/h2>\n<p>Aqu\u00ed vemos un modelo compuesto de distintas piezas: conductos, rejillas, \u00a0codos, difusores\u00a0\u00a0y\u00a0v\u00e1lvulas, que componen un circuito de ventilaci\u00f3n.<\/p>\n<p>Es uno de los casi ilimitados dise\u00f1os que en el programa de c\u00e1lculo de perdidas de carga pueden dise\u00f1ar.<\/p>\n<p>Cada una de las piezas es configurable\u00a0dentro del programa, pudiendo cambiar la anchura, altura, longitud, adem\u00e1s de otros par\u00e1metros t\u00e9cnicos para que el programa pueda realizar los c\u00e1lculos que tiene por objetivo. Por ello\u00a0nuestro software ha de ser capaz de manejar todos los v\u00e9rtices y caras que componen las piezas para que todo el conjunto tenga sentido y el programa final sea f\u00e1cil de manejar por los usuarios.<\/p>\n<p><a href=\"https:\/\/www.tesoto.es\/wp-content\/uploads\/2016\/08\/tuberia.jpg\" target=\"_self\"><br \/>\n<img src=\"https:\/\/www.tesoto.es\/wp-content\/uploads\/2016\/08\/tuberia.jpg\" alt=\"conducto de ventilaci\u00f3n 3D\" \/><br \/>\n<\/a><br \/>\nRepresentaci\u00f3n del dise\u00f1o de un conducto de ventilaci\u00f3n<\/p>\n<h2>3D al servicio de la salud<\/h2>\n<p>La siguiente es una vista del programa Pi.cas.So,\u00a0concretamente un m\u00f3dulo para la creaci\u00f3n y adaptaci\u00f3n de asientos ortop\u00e9dicos.<\/p>\n<p>El programa ha de ser intuitivo y preciso para que los profesionales encargados del dise\u00f1o de pr\u00f3tesis y plantillas puedan manejar las formas 3D de manera que las piezas creadas se adapten perfectamente a cada paciente cuando posteriormente se pasen los datos del programa para su construcci\u00f3n f\u00edsica.<\/p>\n<p><a href=\"https:\/\/www.tesoto.es\/wp-content\/uploads\/2016\/08\/picaso.jpg\" target=\"_self\"><br \/>\n<img src=\"https:\/\/www.tesoto.es\/wp-content\/uploads\/2016\/08\/picaso.jpg\" alt=\"taco abductor\" \/><br \/>\n<\/a><br \/>\nDise\u00f1o de un respaldo para un asiento ortop\u00e9dico<\/p>\n","protected":false},"excerpt":{"rendered":"<p>Desarrollamos y utilizamos software con uso de tecnolog\u00edas 3D, tanto modelado y animaci\u00f3n de figuras, como construcci\u00f3n, representaci\u00f3n matem\u00e1tica y control din\u00e1mico de los mismos para proyectos de ingenier\u00eda y salud. Animaci\u00f3n de spining Animaci\u00f3n Este es un ejemplo de animaci\u00f3n de una deportista practicando spinning. Para crearla\u00a0se ha despiezado,&#8230;<\/p>\n","protected":false},"author":1,"featured_media":0,"parent":0,"menu_order":0,"comment_status":"closed","ping_status":"closed","template":"template-fullwidth.php","meta":[],"_links":{"self":[{"href":"https:\/\/www.tesoto.es\/index.php?rest_route=\/wp\/v2\/pages\/13"}],"collection":[{"href":"https:\/\/www.tesoto.es\/index.php?rest_route=\/wp\/v2\/pages"}],"about":[{"href":"https:\/\/www.tesoto.es\/index.php?rest_route=\/wp\/v2\/types\/page"}],"author":[{"embeddable":true,"href":"https:\/\/www.tesoto.es\/index.php?rest_route=\/wp\/v2\/users\/1"}],"replies":[{"embeddable":true,"href":"https:\/\/www.tesoto.es\/index.php?rest_route=%2Fwp%2Fv2%2Fcomments&post=13"}],"version-history":[{"count":9,"href":"https:\/\/www.tesoto.es\/index.php?rest_route=\/wp\/v2\/pages\/13\/revisions"}],"predecessor-version":[{"id":117,"href":"https:\/\/www.tesoto.es\/index.php?rest_route=\/wp\/v2\/pages\/13\/revisions\/117"}],"wp:attachment":[{"href":"https:\/\/www.tesoto.es\/index.php?rest_route=%2Fwp%2Fv2%2Fmedia&parent=13"}],"curies":[{"name":"wp","href":"https:\/\/api.w.org\/{rel}","templated":true}]}}