{"id":20,"date":"2016-08-05T10:57:40","date_gmt":"2016-08-05T10:57:40","guid":{"rendered":"http:\/\/localhost\/wordpress\/tesoto\/?page_id=20"},"modified":"2024-04-16T11:36:55","modified_gmt":"2024-04-16T11:36:55","slug":"contacto","status":"publish","type":"page","link":"https:\/\/www.tesoto.es\/?page_id=20","title":{"rendered":"Contacto"},"content":{"rendered":"<p>Ponte en contacto con nosotros<\/p>\n<h2>Encu\u00e9ntranos en:<\/h2>\n<ul>\n<li>Pol\u00edgono Esp\u00edritu Santo. C\/ Holanda N\u00ba 2, 2\u00ba &#8211; 33010 Oviedo (Asturias)<\/li>\n<li>614.310.090 &#8211; 635.507.025<\/li>\n<li>Lunes, jueves y viernes 08:00 &#8211; 15:00<\/li>\n<li>Martes y mi\u00e9rcoles 08:00-17:00<\/li>\n<li><a href=\"mailto:info@tesoto.es\">info@tesoto.es<\/a><\/li>\n<\/ul>\n\n<div class=\"google-maps-builder-wrap\">\n\n\t<div id=\"google-maps-builder-124\" class=\"google-maps-builder\"  data-map-id=\"124\" style=\"width:100%; height:600px\"><\/div>\n\n\t\n<\/div>\n\n<p>\t\t\t\t<img src=\"https:\/\/www.tesoto.es\/wp-content\/uploads\/2016\/08\/email_icon.png\" alt=\"email contacto\" itemprop=\"image\"  \/><\/p>\n<h2>Formulario de contacto:<\/h2>\n<div role=\"form\" class=\"wpcf7\" id=\"wpcf7-f84-o1\" lang=\"es-ES\" dir=\"ltr\">\n<div class=\"screen-reader-response\"><\/div>\n<form action=\"\/index.php?rest_route=%2Fwp%2Fv2%2Fpages%2F20#wpcf7-f84-o1\" method=\"post\" class=\"wpcf7-form\" novalidate=\"novalidate\">\n<div style=\"display: none;\">\n<input type=\"hidden\" name=\"_wpcf7\" value=\"84\" \/>\n<input type=\"hidden\" name=\"_wpcf7_version\" value=\"4.7\" \/>\n<input type=\"hidden\" name=\"_wpcf7_locale\" value=\"es_ES\" \/>\n<input type=\"hidden\" name=\"_wpcf7_unit_tag\" value=\"wpcf7-f84-o1\" \/>\n<input type=\"hidden\" name=\"_wpnonce\" value=\"2552949040\" \/>\n<\/div>\n<p><label> Nombre (requerido)<br \/>\n    <span class=\"wpcf7-form-control-wrap your-name\"><input type=\"text\" name=\"your-name\" value=\"\" size=\"40\" class=\"wpcf7-form-control wpcf7-text wpcf7-validates-as-required\" aria-required=\"true\" aria-invalid=\"false\" \/><\/span> <\/label><\/p>\n<p><label> Correo electr\u00f3nico (requerido)<br \/>\n    <span class=\"wpcf7-form-control-wrap your-email\"><input type=\"email\" name=\"your-email\" value=\"\" size=\"40\" class=\"wpcf7-form-control wpcf7-text wpcf7-email wpcf7-validates-as-required wpcf7-validates-as-email\" aria-required=\"true\" aria-invalid=\"false\" \/><\/span> <\/label><\/p>\n<p><label> Asunto<br \/>\n    <span class=\"wpcf7-form-control-wrap your-subject\"><input type=\"text\" name=\"your-subject\" value=\"\" size=\"40\" class=\"wpcf7-form-control wpcf7-text\" aria-invalid=\"false\" \/><\/span> <\/label><\/p>\n<p><label> Mensaje<br \/>\n    <span class=\"wpcf7-form-control-wrap your-message\"><textarea name=\"your-message\" cols=\"40\" rows=\"10\" class=\"wpcf7-form-control wpcf7-textarea\" aria-invalid=\"false\"><\/textarea><\/span> <\/label><\/p>\n<div class=\"wpcf7-form-control-wrap\"><div data-sitekey=\"6LfSUSgTAAAAAEBKLZ9i78DD65qg_Wexou1YVr9b\" class=\"wpcf7-form-control g-recaptcha wpcf7-recaptcha\"><\/div>\n<noscript>\n\t<div style=\"width: 302px; height: 422px;\">\n\t\t<div style=\"width: 302px; height: 422px; position: relative;\">\n\t\t\t<div style=\"width: 302px; height: 422px; position: absolute;\">\n\t\t\t\t<iframe src=\"https:\/\/www.google.com\/recaptcha\/api\/fallback?k=6LfSUSgTAAAAAEBKLZ9i78DD65qg_Wexou1YVr9b\" frameborder=\"0\" scrolling=\"no\" style=\"width: 302px; height:422px; border-style: none;\">\n\t\t\t\t<\/iframe>\n\t\t\t<\/div>\n\t\t\t<div style=\"width: 300px; height: 60px; border-style: none; bottom: 12px; left: 25px; margin: 0px; padding: 0px; right: 25px; background: #f9f9f9; border: 1px solid #c1c1c1; border-radius: 3px;\">\n\t\t\t\t<textarea id=\"g-recaptcha-response\" name=\"g-recaptcha-response\" class=\"g-recaptcha-response\" style=\"width: 250px; height: 40px; border: 1px solid #c1c1c1; margin: 10px 25px; padding: 0px; resize: none;\">\n\t\t\t\t<\/textarea>\n\t\t\t<\/div>\n\t\t<\/div>\n\t<\/div>\n<\/noscript>\n<\/div>\n<p><input type=\"submit\" value=\"Enviar\" class=\"wpcf7-form-control wpcf7-submit\" \/><\/p>\n<p style=\"display: none !important;\" class=\"akismet-fields-container\" data-prefix=\"_wpcf7_ak_\"><label>&#916;<textarea name=\"_wpcf7_ak_hp_textarea\" cols=\"45\" rows=\"8\" maxlength=\"100\"><\/textarea><\/label><input type=\"hidden\" id=\"ak_js_1\" name=\"_wpcf7_ak_js\" value=\"195\"\/><script>document.getElementById( \"ak_js_1\" ).setAttribute( \"value\", ( new Date() ).getTime() );<\/script><\/p><div class=\"wpcf7-response-output wpcf7-display-none\"><\/div><\/form><\/div>\n","protected":false},"excerpt":{"rendered":"<p>Ponte en contacto con nosotros Encu\u00e9ntranos en: Pol\u00edgono Esp\u00edritu Santo. C\/ Holanda N\u00ba 2, 2\u00ba &#8211; 33010 Oviedo (Asturias) 614.310.090 &#8211; 635.507.025 Lunes, jueves y viernes 08:00 &#8211; 15:00 Martes y mi\u00e9rcoles 08:00-17:00 info@tesoto.es Formulario de contacto:<\/p>\n","protected":false},"author":1,"featured_media":0,"parent":0,"menu_order":0,"comment_status":"closed","ping_status":"closed","template":"template-fullwidth.php","meta":[],"_links":{"self":[{"href":"https:\/\/www.tesoto.es\/index.php?rest_route=\/wp\/v2\/pages\/20"}],"collection":[{"href":"https:\/\/www.tesoto.es\/index.php?rest_route=\/wp\/v2\/pages"}],"about":[{"href":"https:\/\/www.tesoto.es\/index.php?rest_route=\/wp\/v2\/types\/page"}],"author":[{"embeddable":true,"href":"https:\/\/www.tesoto.es\/index.php?rest_route=\/wp\/v2\/users\/1"}],"replies":[{"embeddable":true,"href":"https:\/\/www.tesoto.es\/index.php?rest_route=%2Fwp%2Fv2%2Fcomments&post=20"}],"version-history":[{"count":15,"href":"https:\/\/www.tesoto.es\/index.php?rest_route=\/wp\/v2\/pages\/20\/revisions"}],"predecessor-version":[{"id":161,"href":"https:\/\/www.tesoto.es\/index.php?rest_route=\/wp\/v2\/pages\/20\/revisions\/161"}],"wp:attachment":[{"href":"https:\/\/www.tesoto.es\/index.php?rest_route=%2Fwp%2Fv2%2Fmedia&parent=20"}],"curies":[{"name":"wp","href":"https:\/\/api.w.org\/{rel}","templated":true}]}}