{"id":7,"date":"2016-08-05T10:13:06","date_gmt":"2016-08-05T10:13:06","guid":{"rendered":"https:\/\/www.tesoto.es\/?page_id=4"},"modified":"2024-04-17T07:07:27","modified_gmt":"2024-04-17T07:07:27","slug":"inicio","status":"publish","type":"page","link":"https:\/\/www.tesoto.es\/","title":{"rendered":"Inicio"},"content":{"rendered":"<p style=\"text-align: center;\">Queremos que Tesoto sea tu mejor socio tecnol\u00f3gico.<\/p>\n<h2>\u00bfC\u00f3mo podemos &nbsp;mejorar tu negocio?<\/h2>\n<ul>\n<li><strong>Estudiamos<\/strong> cada proyecto con la intenci\u00f3n de hacer que sea rentable para nuestro cliente desde el primer d\u00eda de funcionamiento.<\/li>\n<li><strong>Entendemos<\/strong> la tecnolog\u00eda como una forma de reducir el coste y aumentar la productividad.<\/li>\n<li><strong>Identificamos<\/strong> los problemas del cliente que tenemos que solucionar y los procesos que hay que optimizar.<\/li>\n<li><strong>Aplicamos<\/strong> la tecnolog\u00eda para que las operaciones de una empresa resulten m\u00e1s r\u00e1pidas, de mejor calidad y m\u00e1s baratas.<\/li>\n<li><strong>Aprendemos<\/strong> en un proceso de continua formaci\u00f3n&nbsp;con objetivo de mantenernos siempre al d\u00eda y poder aplicar en cada momento la mejor soluci\u00f3n disponible.<\/li>\n<li><strong>Analizamos<\/strong> los resultados obtenidos para facilitar la toma de decisiones.<\/li>\n<\/ul>\n<p><img src=\"https:\/\/www.tesoto.es\/wp-content\/uploads\/2016\/08\/escaleras.png\" alt=\"trabajo en equipo mejora con Tesoto\"><\/p>\n","protected":false},"excerpt":{"rendered":"<p>Queremos que Tesoto sea tu mejor socio tecnol\u00f3gico. \u00bfC\u00f3mo podemos &nbsp;mejorar tu negocio? Estudiamos cada proyecto con la intenci\u00f3n de hacer que sea rentable para nuestro cliente desde el primer d\u00eda de funcionamiento. Entendemos la tecnolog\u00eda como una forma de reducir el coste y aumentar la productividad. Identificamos los problemas&#8230;<\/p>\n","protected":false},"author":1,"featured_media":0,"parent":0,"menu_order":0,"comment_status":"closed","ping_status":"closed","template":"","meta":[],"_links":{"self":[{"href":"https:\/\/www.tesoto.es\/index.php?rest_route=\/wp\/v2\/pages\/7"}],"collection":[{"href":"https:\/\/www.tesoto.es\/index.php?rest_route=\/wp\/v2\/pages"}],"about":[{"href":"https:\/\/www.tesoto.es\/index.php?rest_route=\/wp\/v2\/types\/page"}],"author":[{"embeddable":true,"href":"https:\/\/www.tesoto.es\/index.php?rest_route=\/wp\/v2\/users\/1"}],"replies":[{"embeddable":true,"href":"https:\/\/www.tesoto.es\/index.php?rest_route=%2Fwp%2Fv2%2Fcomments&post=7"}],"version-history":[{"count":7,"href":"https:\/\/www.tesoto.es\/index.php?rest_route=\/wp\/v2\/pages\/7\/revisions"}],"predecessor-version":[{"id":132,"href":"https:\/\/www.tesoto.es\/index.php?rest_route=\/wp\/v2\/pages\/7\/revisions\/132"}],"wp:attachment":[{"href":"https:\/\/www.tesoto.es\/index.php?rest_route=%2Fwp%2Fv2%2Fmedia&parent=7"}],"curies":[{"name":"wp","href":"https:\/\/api.w.org\/{rel}","templated":true}]}}